{"id":1622,"date":"2022-11-04T11:08:13","date_gmt":"2022-11-04T14:08:13","guid":{"rendered":"https:\/\/ims.com.br\/en\/?page_id=1622"},"modified":"2022-11-04T11:08:14","modified_gmt":"2022-11-04T14:08:14","slug":"xingu-contact-qr-code-texts-003","status":"publish","type":"page","link":"https:\/\/ims.com.br\/en\/xingu-contact-qr-code-texts-003\/","title":{"rendered":"Xingu: contact &#8211; Contact revisited"},"content":{"rendered":"<div id=\"pl-1622\"  class=\"panel-layout\" ><div id=\"pg-1622-0\"  class=\"panel-grid panel-no-style\" ><div id=\"pgc-1622-0-0\"  class=\"panel-grid-cell\" ><div id=\"panel-1622-0-0-0\" class=\"so-panel widget widget_sow-editor panel-first-child panel-last-child\" data-index=\"0\" ><div\n\t\t\t\n\t\t\tclass=\"so-widget-sow-editor so-widget-sow-editor-base\"\n\t\t\t\n\t\t><h3 class=\"widget-title\">Contact revisited<\/h3>\n<div class=\"siteorigin-widget-tinymce textwidget\">\n\t<p>The first known photographs of peoples of the Xingu were taken in the 1880s and 1890s during expeditions of German ethnologists. In these records, which circulated in books and written accounts in Europe, indigenous peoples are represented as exotic subjects for study.<\/p>\n<p>In the 1920s, the Rondon Commission captured the first moving images in the region. A propaganda exercise designed to integrate indigenous peoples into the idea of a national project, the film ends with a symbolic scene: a line of indigenous people being dressed in uniforms. And a sign announcing: \u201cSoon we will have more of these workers living with us in our society.\u201d<\/p>\n<p>In the 1940s, the Servi\u00e7o de Prote\u00e7\u00e3o ao \u00cdndio (SPI) [Indian Protection Service] produced extensive documentation, in which the iconography of contact is repeated with mounting intensity: a tense approach, the supply of clothes and objects, and indigenous peoples being co-opted to join in expeditions.<\/p>\n<p>This iconography has been revisited in indigenous audiovisual production in films that reveal what archive images cannot: the point of view of the peoples contacted. Here we have two examples of this production, revealing memories of the Xavante and Ikpeng.<\/p>\n<\/div>\n<\/div><\/div><\/div><\/div><\/div>","protected":false},"excerpt":{"rendered":"<p>The first known photographs of peoples of the Xingu were taken in the 1880s and 1890s during expeditions of German ethnologists. In these records, which circulated in books and written [&hellip;]<\/p>\n","protected":false},"author":4,"featured_media":0,"parent":0,"menu_order":0,"comment_status":"closed","ping_status":"closed","template":"","meta":{"footnotes":""},"class_list":["post-1622","page","type-page","status-publish","hentry"],"yoast_head":"<!-- This site is optimized with the Yoast SEO plugin v26.2 - https:\/\/yoast.com\/wordpress\/plugins\/seo\/ -->\n<title>Xingu: contact - Contact revisited - Instituto Moreira Salles<\/title>\n<meta name=\"robots\" content=\"index, follow, max-snippet:-1, max-image-preview:large, max-video-preview:-1\" \/>\n<link rel=\"canonical\" href=\"https:\/\/ims.com.br\/en\/xingu-contact-qr-code-texts-003\/\" \/>\n<meta property=\"og:locale\" content=\"en_US\" \/>\n<meta property=\"og:type\" content=\"article\" \/>\n<meta property=\"og:title\" content=\"Xingu: contact - Contact revisited - Instituto Moreira Salles\" \/>\n<meta property=\"og:description\" content=\"The first known photographs of peoples of the Xingu were taken in the 1880s and 1890s during expeditions of German ethnologists. In these records, which circulated in books and written [&hellip;]\" \/>\n<meta property=\"og:url\" content=\"https:\/\/ims.com.br\/en\/xingu-contact-qr-code-texts-003\/\" \/>\n<meta property=\"og:site_name\" content=\"Instituto Moreira Salles\" \/>\n<meta property=\"article:modified_time\" content=\"2022-11-04T14:08:14+00:00\" \/>\n<meta name=\"twitter:card\" content=\"summary_large_image\" \/>\n<meta name=\"twitter:label1\" content=\"Est. reading time\" \/>\n\t<meta name=\"twitter:data1\" content=\"1 minute\" \/>\n<script type=\"application\/ld+json\" class=\"yoast-schema-graph\">{\"@context\":\"https:\/\/schema.org\",\"@graph\":[{\"@type\":\"WebPage\",\"@id\":\"https:\/\/ims.com.br\/en\/xingu-contact-qr-code-texts-003\/\",\"url\":\"https:\/\/ims.com.br\/en\/xingu-contact-qr-code-texts-003\/\",\"name\":\"Xingu: contact - Contact revisited - Instituto Moreira Salles\",\"isPartOf\":{\"@id\":\"https:\/\/ims.com.br\/en\/#website\"},\"datePublished\":\"2022-11-04T14:08:13+00:00\",\"dateModified\":\"2022-11-04T14:08:14+00:00\",\"breadcrumb\":{\"@id\":\"https:\/\/ims.com.br\/en\/xingu-contact-qr-code-texts-003\/#breadcrumb\"},\"inLanguage\":\"en-US\",\"potentialAction\":[{\"@type\":\"ReadAction\",\"target\":[\"https:\/\/ims.com.br\/en\/xingu-contact-qr-code-texts-003\/\"]}]},{\"@type\":\"BreadcrumbList\",\"@id\":\"https:\/\/ims.com.br\/en\/xingu-contact-qr-code-texts-003\/#breadcrumb\",\"itemListElement\":[{\"@type\":\"ListItem\",\"position\":1,\"name\":\"In\u00edcio\",\"item\":\"https:\/\/ims.com.br\/en\/\"},{\"@type\":\"ListItem\",\"position\":2,\"name\":\"Xingu: contact &#8211; Contact revisited\"}]},{\"@type\":\"WebSite\",\"@id\":\"https:\/\/ims.com.br\/en\/#website\",\"url\":\"https:\/\/ims.com.br\/en\/\",\"name\":\"Instituto Moreira Salles\",\"description\":\"English version\",\"potentialAction\":[{\"@type\":\"SearchAction\",\"target\":{\"@type\":\"EntryPoint\",\"urlTemplate\":\"https:\/\/ims.com.br\/en\/?s={search_term_string}\"},\"query-input\":{\"@type\":\"PropertyValueSpecification\",\"valueRequired\":true,\"valueName\":\"search_term_string\"}}],\"inLanguage\":\"en-US\"}]}<\/script>\n<!-- \/ Yoast SEO plugin. -->","yoast_head_json":{"title":"Xingu: contact - Contact revisited - Instituto Moreira Salles","robots":{"index":"index","follow":"follow","max-snippet":"max-snippet:-1","max-image-preview":"max-image-preview:large","max-video-preview":"max-video-preview:-1"},"canonical":"https:\/\/ims.com.br\/en\/xingu-contact-qr-code-texts-003\/","og_locale":"en_US","og_type":"article","og_title":"Xingu: contact - Contact revisited - Instituto Moreira Salles","og_description":"The first known photographs of peoples of the Xingu were taken in the 1880s and 1890s during expeditions of German ethnologists. In these records, which circulated in books and written [&hellip;]","og_url":"https:\/\/ims.com.br\/en\/xingu-contact-qr-code-texts-003\/","og_site_name":"Instituto Moreira Salles","article_modified_time":"2022-11-04T14:08:14+00:00","twitter_card":"summary_large_image","twitter_misc":{"Est. reading time":"1 minute"},"schema":{"@context":"https:\/\/schema.org","@graph":[{"@type":"WebPage","@id":"https:\/\/ims.com.br\/en\/xingu-contact-qr-code-texts-003\/","url":"https:\/\/ims.com.br\/en\/xingu-contact-qr-code-texts-003\/","name":"Xingu: contact - Contact revisited - Instituto Moreira Salles","isPartOf":{"@id":"https:\/\/ims.com.br\/en\/#website"},"datePublished":"2022-11-04T14:08:13+00:00","dateModified":"2022-11-04T14:08:14+00:00","breadcrumb":{"@id":"https:\/\/ims.com.br\/en\/xingu-contact-qr-code-texts-003\/#breadcrumb"},"inLanguage":"en-US","potentialAction":[{"@type":"ReadAction","target":["https:\/\/ims.com.br\/en\/xingu-contact-qr-code-texts-003\/"]}]},{"@type":"BreadcrumbList","@id":"https:\/\/ims.com.br\/en\/xingu-contact-qr-code-texts-003\/#breadcrumb","itemListElement":[{"@type":"ListItem","position":1,"name":"In\u00edcio","item":"https:\/\/ims.com.br\/en\/"},{"@type":"ListItem","position":2,"name":"Xingu: contact &#8211; Contact revisited"}]},{"@type":"WebSite","@id":"https:\/\/ims.com.br\/en\/#website","url":"https:\/\/ims.com.br\/en\/","name":"Instituto Moreira Salles","description":"English version","potentialAction":[{"@type":"SearchAction","target":{"@type":"EntryPoint","urlTemplate":"https:\/\/ims.com.br\/en\/?s={search_term_string}"},"query-input":{"@type":"PropertyValueSpecification","valueRequired":true,"valueName":"search_term_string"}}],"inLanguage":"en-US"}]}},"_links":{"self":[{"href":"https:\/\/ims.com.br\/en\/wp-json\/wp\/v2\/pages\/1622","targetHints":{"allow":["GET"]}}],"collection":[{"href":"https:\/\/ims.com.br\/en\/wp-json\/wp\/v2\/pages"}],"about":[{"href":"https:\/\/ims.com.br\/en\/wp-json\/wp\/v2\/types\/page"}],"author":[{"embeddable":true,"href":"https:\/\/ims.com.br\/en\/wp-json\/wp\/v2\/users\/4"}],"replies":[{"embeddable":true,"href":"https:\/\/ims.com.br\/en\/wp-json\/wp\/v2\/comments?post=1622"}],"version-history":[{"count":1,"href":"https:\/\/ims.com.br\/en\/wp-json\/wp\/v2\/pages\/1622\/revisions"}],"predecessor-version":[{"id":1623,"href":"https:\/\/ims.com.br\/en\/wp-json\/wp\/v2\/pages\/1622\/revisions\/1623"}],"wp:attachment":[{"href":"https:\/\/ims.com.br\/en\/wp-json\/wp\/v2\/media?parent=1622"}],"curies":[{"name":"wp","href":"https:\/\/api.w.org\/{rel}","templated":true}]}}