{"id":1642,"date":"2022-11-04T11:34:59","date_gmt":"2022-11-04T14:34:59","guid":{"rendered":"https:\/\/ims.com.br\/en\/?page_id=1642"},"modified":"2022-11-04T11:39:57","modified_gmt":"2022-11-04T14:39:57","slug":"xingu-contact-qr-code-works-003","status":"publish","type":"page","link":"https:\/\/ims.com.br\/en\/xingu-contact-qr-code-works-003\/","title":{"rendered":"Xingu: contact &#8211; Code works 003"},"content":{"rendered":"<div id=\"pl-1642\"  class=\"panel-layout\" ><div id=\"pg-1642-0\"  class=\"panel-grid panel-no-style\" ><div id=\"pgc-1642-0-0\"  class=\"panel-grid-cell\" ><div id=\"panel-1642-0-0-0\" class=\"so-panel widget widget_sow-editor panel-first-child panel-last-child\" data-index=\"0\" ><div\n\t\t\t\n\t\t\tclass=\"so-widget-sow-editor so-widget-sow-editor-base\"\n\t\t\t\n\t\t>\n<div class=\"siteorigin-widget-tinymce textwidget\">\n\t<p><em>Kamukuwak\u00e1: Sacred Territory<\/em>, 2022<br \/>\n<strong>Pirat\u00e1 Waur\u00e1<\/strong><br \/>\nVideo, color, 10 min 54 sec<\/p>\n<p><strong>Pirat\u00e1 Waur\u00e1<\/strong> (1987) lives in the Topepeweke community in the Xingu Indigenous Territory and has researched visual anthropology at the State University of Mato Grosso. In partnership with international organizations, he has recently been committed to documenting the fight of the Wauj\u00e1 people to protect the Kamukuwak\u00e1 cave, a traditional site which has not been demarcated and which faces invasion and depredation.<\/p>\n<\/div>\n<\/div><\/div><\/div><\/div><\/div>","protected":false},"excerpt":{"rendered":"<p>Kamukuwak\u00e1: Sacred Territory, 2022 Pirat\u00e1 Waur\u00e1 Video, color, 10 min 54 sec Pirat\u00e1 Waur\u00e1 (1987) lives in the Topepeweke community in the Xingu Indigenous Territory and has researched visual anthropology [&hellip;]<\/p>\n","protected":false},"author":4,"featured_media":0,"parent":0,"menu_order":0,"comment_status":"closed","ping_status":"closed","template":"","meta":{"footnotes":""},"class_list":["post-1642","page","type-page","status-publish","hentry"],"yoast_head":"<!-- This site is optimized with the Yoast SEO plugin v26.2 - https:\/\/yoast.com\/wordpress\/plugins\/seo\/ -->\n<title>Xingu: contact - Code works 003 - Instituto Moreira Salles<\/title>\n<meta name=\"robots\" content=\"index, follow, max-snippet:-1, max-image-preview:large, max-video-preview:-1\" \/>\n<link rel=\"canonical\" href=\"https:\/\/ims.com.br\/en\/xingu-contact-qr-code-works-003\/\" \/>\n<meta property=\"og:locale\" content=\"en_US\" \/>\n<meta property=\"og:type\" content=\"article\" \/>\n<meta property=\"og:title\" content=\"Xingu: contact - Code works 003 - Instituto Moreira Salles\" \/>\n<meta property=\"og:description\" content=\"Kamukuwak\u00e1: Sacred Territory, 2022 Pirat\u00e1 Waur\u00e1 Video, color, 10 min 54 sec Pirat\u00e1 Waur\u00e1 (1987) lives in the Topepeweke community in the Xingu Indigenous Territory and has researched visual anthropology [&hellip;]\" \/>\n<meta property=\"og:url\" content=\"https:\/\/ims.com.br\/en\/xingu-contact-qr-code-works-003\/\" \/>\n<meta property=\"og:site_name\" content=\"Instituto Moreira Salles\" \/>\n<meta property=\"article:modified_time\" content=\"2022-11-04T14:39:57+00:00\" \/>\n<meta name=\"twitter:card\" content=\"summary_large_image\" \/>\n<meta name=\"twitter:label1\" content=\"Est. reading time\" \/>\n\t<meta name=\"twitter:data1\" content=\"1 minute\" \/>\n<script type=\"application\/ld+json\" class=\"yoast-schema-graph\">{\"@context\":\"https:\/\/schema.org\",\"@graph\":[{\"@type\":\"WebPage\",\"@id\":\"https:\/\/ims.com.br\/en\/xingu-contact-qr-code-works-003\/\",\"url\":\"https:\/\/ims.com.br\/en\/xingu-contact-qr-code-works-003\/\",\"name\":\"Xingu: contact - Code works 003 - Instituto Moreira Salles\",\"isPartOf\":{\"@id\":\"https:\/\/ims.com.br\/en\/#website\"},\"datePublished\":\"2022-11-04T14:34:59+00:00\",\"dateModified\":\"2022-11-04T14:39:57+00:00\",\"breadcrumb\":{\"@id\":\"https:\/\/ims.com.br\/en\/xingu-contact-qr-code-works-003\/#breadcrumb\"},\"inLanguage\":\"en-US\",\"potentialAction\":[{\"@type\":\"ReadAction\",\"target\":[\"https:\/\/ims.com.br\/en\/xingu-contact-qr-code-works-003\/\"]}]},{\"@type\":\"BreadcrumbList\",\"@id\":\"https:\/\/ims.com.br\/en\/xingu-contact-qr-code-works-003\/#breadcrumb\",\"itemListElement\":[{\"@type\":\"ListItem\",\"position\":1,\"name\":\"In\u00edcio\",\"item\":\"https:\/\/ims.com.br\/en\/\"},{\"@type\":\"ListItem\",\"position\":2,\"name\":\"Xingu: contact &#8211; Code works 003\"}]},{\"@type\":\"WebSite\",\"@id\":\"https:\/\/ims.com.br\/en\/#website\",\"url\":\"https:\/\/ims.com.br\/en\/\",\"name\":\"Instituto Moreira Salles\",\"description\":\"English version\",\"potentialAction\":[{\"@type\":\"SearchAction\",\"target\":{\"@type\":\"EntryPoint\",\"urlTemplate\":\"https:\/\/ims.com.br\/en\/?s={search_term_string}\"},\"query-input\":{\"@type\":\"PropertyValueSpecification\",\"valueRequired\":true,\"valueName\":\"search_term_string\"}}],\"inLanguage\":\"en-US\"}]}<\/script>\n<!-- \/ Yoast SEO plugin. -->","yoast_head_json":{"title":"Xingu: contact - Code works 003 - Instituto Moreira Salles","robots":{"index":"index","follow":"follow","max-snippet":"max-snippet:-1","max-image-preview":"max-image-preview:large","max-video-preview":"max-video-preview:-1"},"canonical":"https:\/\/ims.com.br\/en\/xingu-contact-qr-code-works-003\/","og_locale":"en_US","og_type":"article","og_title":"Xingu: contact - Code works 003 - Instituto Moreira Salles","og_description":"Kamukuwak\u00e1: Sacred Territory, 2022 Pirat\u00e1 Waur\u00e1 Video, color, 10 min 54 sec Pirat\u00e1 Waur\u00e1 (1987) lives in the Topepeweke community in the Xingu Indigenous Territory and has researched visual anthropology [&hellip;]","og_url":"https:\/\/ims.com.br\/en\/xingu-contact-qr-code-works-003\/","og_site_name":"Instituto Moreira Salles","article_modified_time":"2022-11-04T14:39:57+00:00","twitter_card":"summary_large_image","twitter_misc":{"Est. reading time":"1 minute"},"schema":{"@context":"https:\/\/schema.org","@graph":[{"@type":"WebPage","@id":"https:\/\/ims.com.br\/en\/xingu-contact-qr-code-works-003\/","url":"https:\/\/ims.com.br\/en\/xingu-contact-qr-code-works-003\/","name":"Xingu: contact - Code works 003 - Instituto Moreira Salles","isPartOf":{"@id":"https:\/\/ims.com.br\/en\/#website"},"datePublished":"2022-11-04T14:34:59+00:00","dateModified":"2022-11-04T14:39:57+00:00","breadcrumb":{"@id":"https:\/\/ims.com.br\/en\/xingu-contact-qr-code-works-003\/#breadcrumb"},"inLanguage":"en-US","potentialAction":[{"@type":"ReadAction","target":["https:\/\/ims.com.br\/en\/xingu-contact-qr-code-works-003\/"]}]},{"@type":"BreadcrumbList","@id":"https:\/\/ims.com.br\/en\/xingu-contact-qr-code-works-003\/#breadcrumb","itemListElement":[{"@type":"ListItem","position":1,"name":"In\u00edcio","item":"https:\/\/ims.com.br\/en\/"},{"@type":"ListItem","position":2,"name":"Xingu: contact &#8211; Code works 003"}]},{"@type":"WebSite","@id":"https:\/\/ims.com.br\/en\/#website","url":"https:\/\/ims.com.br\/en\/","name":"Instituto Moreira Salles","description":"English version","potentialAction":[{"@type":"SearchAction","target":{"@type":"EntryPoint","urlTemplate":"https:\/\/ims.com.br\/en\/?s={search_term_string}"},"query-input":{"@type":"PropertyValueSpecification","valueRequired":true,"valueName":"search_term_string"}}],"inLanguage":"en-US"}]}},"_links":{"self":[{"href":"https:\/\/ims.com.br\/en\/wp-json\/wp\/v2\/pages\/1642","targetHints":{"allow":["GET"]}}],"collection":[{"href":"https:\/\/ims.com.br\/en\/wp-json\/wp\/v2\/pages"}],"about":[{"href":"https:\/\/ims.com.br\/en\/wp-json\/wp\/v2\/types\/page"}],"author":[{"embeddable":true,"href":"https:\/\/ims.com.br\/en\/wp-json\/wp\/v2\/users\/4"}],"replies":[{"embeddable":true,"href":"https:\/\/ims.com.br\/en\/wp-json\/wp\/v2\/comments?post=1642"}],"version-history":[{"count":3,"href":"https:\/\/ims.com.br\/en\/wp-json\/wp\/v2\/pages\/1642\/revisions"}],"predecessor-version":[{"id":1649,"href":"https:\/\/ims.com.br\/en\/wp-json\/wp\/v2\/pages\/1642\/revisions\/1649"}],"wp:attachment":[{"href":"https:\/\/ims.com.br\/en\/wp-json\/wp\/v2\/media?parent=1642"}],"curies":[{"name":"wp","href":"https:\/\/api.w.org\/{rel}","templated":true}]}}